{"id":9679,"date":"2023-04-12T11:22:44","date_gmt":"2023-04-12T11:22:44","guid":{"rendered":"https:\/\/www.derworldbcn.com\/aviso-legal-y-politica-de-privacidad\/"},"modified":"2023-04-12T11:22:44","modified_gmt":"2023-04-12T11:22:44","slug":"aviso-legal-y-politica-de-privacidad","status":"publish","type":"page","link":"https:\/\/www.derworldbcn.com\/en\/aviso-legal-y-politica-de-privacidad\/","title":{"rendered":"Aviso legal y pol\u00edtica de privacidad"},"content":{"rendered":"<p>[vc_row css_animation=&#8221;&#8221; row_type=&#8221;row&#8221; use_row_as_full_screen_section=&#8221;no&#8221; type=&#8221;full_width&#8221; angled_section=&#8221;no&#8221; text_align=&#8221;left&#8221; background_image_as_pattern=&#8221;without_pattern&#8221;][vc_column][vc_column_text]<\/p>\n<h1 style=\"text-align: center;\">Aviso legal y pol\u00edtica de privacidad<\/h1>\n<p>[\/vc_column_text][vc_separator type=&#8221;small&#8221; position=&#8221;center&#8221; color=&#8221;#283965&#8243; up=&#8221;10&#8243; down=&#8221;50&#8243;][vc_column_text]Para dar cumplimiento a la Ley 34\/2002, de 11 de julio, de servicios de la sociedad de la informaci\u00f3n y de comercio electr\u00f3nico, a continuaci\u00f3n se detallan los datos identificativos de la empresa:<\/p>\n<p>Titular: DERQU\u00cdMICA ORO, SL<br \/>\nDomicilio fiscal: C\/Beltran i Rozpide 8, 08034 Barcelona &#8211; (ESPA\u00d1A)<br \/>\nDirecci\u00f3n de contacto: C\/Beltran i Rozpide 8, 08034 Barcelona &#8211; (ESPA\u00d1A)<br \/>\ne-mail: info@derquimica.com<br \/>\nTel\u00e9fono: 34 93 204 57 78<\/p>\n<h2><strong>PROPIEDAD INTELECTUAL<\/strong><\/h2>\n<p>Todos los contenidos, incluidos los textos, im\u00e1genes, grabaciones de sonido y otros contenidos son propiedad de DERQUIMICA ORO SOC. LTDA. quien se reserva todos los derechos de explotaci\u00f3n.<br \/>\nPor tanto, queda prohibida la reproducci\u00f3n, copia, distribuci\u00f3n o cesi\u00f3n total o parcial de los contenidos de este sitio web sin el consentimiento expreso y por escrito de su titular.<\/p>\n<h2><strong>RESPONSABILIDAD DE LOS CONTENIDOS Y LOS ENLACES<\/strong><\/h2>\n<p>DERQUIMICA ORO SOC. LTDA. no se responsabiliza de las infracciones en que puedan incurrir los usuarios ni de los perjuicios causados por la utilizaci\u00f3n de este sitio web y se reserva el derecho a actualizar y modificar la informaci\u00f3n sin previo aviso.<br \/>\nDERQUIMICA ORO SOC. LTDA. no se responsabiliza del contenido, veracidad y\/o errores de los enlaces a los que se pueda acceder a trav\u00e9s de nuestra web. El \u00fanico objeto de los enlaces es facilitar a los usuarios el acceso a informaci\u00f3n que puede ser de su inter\u00e9s.<\/p>\n<h2><strong>POL\u00cdTICA DE PRIVACIDAD<\/strong><\/h2>\n<p>De acuerdo con los preceptos del Reglamento General de Protecci\u00f3n de Datos 2016\/679 de la Uni\u00f3n Europea (RGPD) y la Ley Org\u00e1nica 3\/2018 de Protecci\u00f3n de Datos de Car\u00e1cter Personal (LOPD), DERQUIMICA ORO SOC. LTDA. desea informar a los usuarios de su sitio web lo siguiente:<br \/>\nLa informaci\u00f3n DERQUIMICA ORO SOC. LTDA. recibe dentro de sus diferentes servicios es tratado con la m\u00e1xima confidencialidad y seguridad, y ser\u00e1 incorporado a un fichero automatizado de cuya creaci\u00f3n informa debidamente la Agencia de Protecci\u00f3n de Datos.<\/p>\n<p>Adem\u00e1s, esta informaci\u00f3n es utilizada exclusivamente por DERQUIMICA ORO SOC. LTDA. para fines relacionados con cada producto y servicio, y relaci\u00f3n comercial con sus clientes, y no ser\u00e1n comunicados a terceros salvo que DERQUIMICA ORO SOC. LTDA. est\u00e1 obligado a hacerlo por las autoridades o es informaci\u00f3n p\u00fablica.<\/p>\n<p>Los interesados podr\u00e1n ejercer sus derechos de acceso, rectificaci\u00f3n, supresi\u00f3n y portabilidad, as\u00ed como de oposici\u00f3n y limitaci\u00f3n al tratamiento de sus datos personales frente a DERQUIMICA ORO SOC. LTDA. poni\u00e9ndose en contacto con DERQUIMICA ORO SOC. LTDA., quien es el responsable del tratamiento de los datos, en el siguiente domicilio: DERQUIMICA ORO SOC. LTDA., C\/Beltran i Rozpide 8, 08034 Barcelona &#8211; (ESPA\u00d1A), o por correo a info@derquimica.com con documento escrito firmado, aportando fotocopia del DNI o pasaporte de la parte.<\/p>\n<p>DERQUIMICA ORO SOC. LTDA. conservar\u00e1 los datos personales que haya recabado y adoptar\u00e1 las medidas necesarias para evitar su alteraci\u00f3n, p\u00e9rdida, tratamiento o acceso no autorizado. DERQUIMICA ORO SOC. LTDA. cumplir\u00e1 esta obligaci\u00f3n de conformidad con lo establecido en la normativa aplicable (Reglamento General de Protecci\u00f3n de Datos 2016\/679 UE \u2013 RGPD, y disposiciones posteriores).[\/vc_column_text][vc_separator type=&#8221;transparent&#8221; up=&#8221;50&#8243;][\/vc_column][\/vc_row]<\/p>\n","protected":false},"excerpt":{"rendered":"<p>[vc_row css_animation=&#8221;&#8221; row_type=&#8221;row&#8221; use_row_as_full_screen_section=&#8221;no&#8221; type=&#8221;full_width&#8221; angled_section=&#8221;no&#8221; text_align=&#8221;left&#8221; background_image_as_pattern=&#8221;without_pattern&#8221;][vc_column][vc_column_text] Aviso legal y pol\u00edtica de privacidad [\/vc_column_text][vc_separator type=&#8221;small&#8221; position=&#8221;center&#8221; color=&#8221;#283965&#8243; up=&#8221;10&#8243; down=&#8221;50&#8243;][vc_column_text]Para dar cumplimiento a la Ley 34\/2002, de 11 de julio, de servicios de la sociedad de la informaci\u00f3n y de comercio electr\u00f3nico, a continuaci\u00f3n se&#8230;<\/p>\n","protected":false},"author":1,"featured_media":0,"parent":0,"menu_order":0,"comment_status":"closed","ping_status":"closed","template":"","meta":[],"acf":[],"yoast_head":"<!-- This site is optimized with the Yoast SEO plugin v17.9 - https:\/\/yoast.com\/wordpress\/plugins\/seo\/ -->\n<meta name=\"robots\" content=\"index, follow, max-snippet:-1, max-image-preview:large, max-video-preview:-1\" \/>\n<link rel=\"canonical\" href=\"https:\/\/www.derworldbcn.com\/en\/aviso-legal-y-politica-de-privacidad\/\" \/>\n<meta property=\"og:locale\" content=\"en_US\" \/>\n<meta property=\"og:type\" content=\"article\" \/>\n<meta property=\"og:title\" content=\"Aviso legal y pol\u00edtica de privacidad - Derworld\" \/>\n<meta property=\"og:description\" content=\"[vc_row css_animation=&#8221;&#8221; row_type=&#8221;row&#8221; use_row_as_full_screen_section=&#8221;no&#8221; type=&#8221;full_width&#8221; angled_section=&#8221;no&#8221; text_align=&#8221;left&#8221; background_image_as_pattern=&#8221;without_pattern&#8221;][vc_column][vc_column_text] Aviso legal y pol\u00edtica de privacidad [\/vc_column_text][vc_separator type=&#8221;small&#8221; position=&#8221;center&#8221; color=&#8221;#283965&#8243; up=&#8221;10&#8243; down=&#8221;50&#8243;][vc_column_text]Para dar cumplimiento a la Ley 34\/2002, de 11 de julio, de servicios de la sociedad de la informaci\u00f3n y de comercio electr\u00f3nico, a continuaci\u00f3n se...\" \/>\n<meta property=\"og:url\" content=\"https:\/\/www.derworldbcn.com\/en\/aviso-legal-y-politica-de-privacidad\/\" \/>\n<meta property=\"og:site_name\" content=\"Derworld\" \/>\n<meta name=\"twitter:card\" content=\"summary_large_image\" \/>\n<meta name=\"twitter:label1\" content=\"Est. reading time\" \/>\n\t<meta name=\"twitter:data1\" content=\"3 minutes\" \/>\n<script type=\"application\/ld+json\" class=\"yoast-schema-graph\">{\"@context\":\"https:\/\/schema.org\",\"@graph\":[{\"@type\":\"WebSite\",\"@id\":\"https:\/\/www.derworldbcn.com\/#website\",\"url\":\"https:\/\/www.derworldbcn.com\/\",\"name\":\"Derworld\",\"description\":\"Ingredientes y materias primas para la industria de la salud\",\"potentialAction\":[{\"@type\":\"SearchAction\",\"target\":{\"@type\":\"EntryPoint\",\"urlTemplate\":\"https:\/\/www.derworldbcn.com\/?s={search_term_string}\"},\"query-input\":\"required name=search_term_string\"}],\"inLanguage\":\"en-US\"},{\"@type\":\"WebPage\",\"@id\":\"https:\/\/www.derworldbcn.com\/en\/aviso-legal-y-politica-de-privacidad\/#webpage\",\"url\":\"https:\/\/www.derworldbcn.com\/en\/aviso-legal-y-politica-de-privacidad\/\",\"name\":\"Aviso legal y pol\\u00edtica de privacidad - Derworld\",\"isPartOf\":{\"@id\":\"https:\/\/www.derworldbcn.com\/#website\"},\"datePublished\":\"2023-04-12T11:22:44+00:00\",\"dateModified\":\"2023-04-12T11:22:44+00:00\",\"breadcrumb\":{\"@id\":\"https:\/\/www.derworldbcn.com\/en\/aviso-legal-y-politica-de-privacidad\/#breadcrumb\"},\"inLanguage\":\"en-US\",\"potentialAction\":[{\"@type\":\"ReadAction\",\"target\":[\"https:\/\/www.derworldbcn.com\/en\/aviso-legal-y-politica-de-privacidad\/\"]}]},{\"@type\":\"BreadcrumbList\",\"@id\":\"https:\/\/www.derworldbcn.com\/en\/aviso-legal-y-politica-de-privacidad\/#breadcrumb\",\"itemListElement\":[{\"@type\":\"ListItem\",\"position\":1,\"name\":\"Portada\",\"item\":\"https:\/\/www.derworldbcn.com\/en\/\"},{\"@type\":\"ListItem\",\"position\":2,\"name\":\"Aviso legal y pol\\u00edtica de privacidad\"}]}]}<\/script>\n<!-- \/ Yoast SEO plugin. -->","yoast_head_json":{"robots":{"index":"index","follow":"follow","max-snippet":"max-snippet:-1","max-image-preview":"max-image-preview:large","max-video-preview":"max-video-preview:-1"},"canonical":"https:\/\/www.derworldbcn.com\/en\/aviso-legal-y-politica-de-privacidad\/","og_locale":"en_US","og_type":"article","og_title":"Aviso legal y pol\u00edtica de privacidad - Derworld","og_description":"[vc_row css_animation=&#8221;&#8221; row_type=&#8221;row&#8221; use_row_as_full_screen_section=&#8221;no&#8221; type=&#8221;full_width&#8221; angled_section=&#8221;no&#8221; text_align=&#8221;left&#8221; background_image_as_pattern=&#8221;without_pattern&#8221;][vc_column][vc_column_text] Aviso legal y pol\u00edtica de privacidad [\/vc_column_text][vc_separator type=&#8221;small&#8221; position=&#8221;center&#8221; color=&#8221;#283965&#8243; up=&#8221;10&#8243; down=&#8221;50&#8243;][vc_column_text]Para dar cumplimiento a la Ley 34\/2002, de 11 de julio, de servicios de la sociedad de la informaci\u00f3n y de comercio electr\u00f3nico, a continuaci\u00f3n se...","og_url":"https:\/\/www.derworldbcn.com\/en\/aviso-legal-y-politica-de-privacidad\/","og_site_name":"Derworld","twitter_card":"summary_large_image","twitter_misc":{"Est. reading time":"3 minutes"},"schema":{"@context":"https:\/\/schema.org","@graph":[{"@type":"WebSite","@id":"https:\/\/www.derworldbcn.com\/#website","url":"https:\/\/www.derworldbcn.com\/","name":"Derworld","description":"Ingredientes y materias primas para la industria de la salud","potentialAction":[{"@type":"SearchAction","target":{"@type":"EntryPoint","urlTemplate":"https:\/\/www.derworldbcn.com\/?s={search_term_string}"},"query-input":"required name=search_term_string"}],"inLanguage":"en-US"},{"@type":"WebPage","@id":"https:\/\/www.derworldbcn.com\/en\/aviso-legal-y-politica-de-privacidad\/#webpage","url":"https:\/\/www.derworldbcn.com\/en\/aviso-legal-y-politica-de-privacidad\/","name":"Aviso legal y pol\u00edtica de privacidad - Derworld","isPartOf":{"@id":"https:\/\/www.derworldbcn.com\/#website"},"datePublished":"2023-04-12T11:22:44+00:00","dateModified":"2023-04-12T11:22:44+00:00","breadcrumb":{"@id":"https:\/\/www.derworldbcn.com\/en\/aviso-legal-y-politica-de-privacidad\/#breadcrumb"},"inLanguage":"en-US","potentialAction":[{"@type":"ReadAction","target":["https:\/\/www.derworldbcn.com\/en\/aviso-legal-y-politica-de-privacidad\/"]}]},{"@type":"BreadcrumbList","@id":"https:\/\/www.derworldbcn.com\/en\/aviso-legal-y-politica-de-privacidad\/#breadcrumb","itemListElement":[{"@type":"ListItem","position":1,"name":"Portada","item":"https:\/\/www.derworldbcn.com\/en\/"},{"@type":"ListItem","position":2,"name":"Aviso legal y pol\u00edtica de privacidad"}]}]}},"_links":{"self":[{"href":"https:\/\/www.derworldbcn.com\/en\/wp-json\/wp\/v2\/pages\/9679"}],"collection":[{"href":"https:\/\/www.derworldbcn.com\/en\/wp-json\/wp\/v2\/pages"}],"about":[{"href":"https:\/\/www.derworldbcn.com\/en\/wp-json\/wp\/v2\/types\/page"}],"author":[{"embeddable":true,"href":"https:\/\/www.derworldbcn.com\/en\/wp-json\/wp\/v2\/users\/1"}],"replies":[{"embeddable":true,"href":"https:\/\/www.derworldbcn.com\/en\/wp-json\/wp\/v2\/comments?post=9679"}],"version-history":[{"count":1,"href":"https:\/\/www.derworldbcn.com\/en\/wp-json\/wp\/v2\/pages\/9679\/revisions"}],"predecessor-version":[{"id":9680,"href":"https:\/\/www.derworldbcn.com\/en\/wp-json\/wp\/v2\/pages\/9679\/revisions\/9680"}],"wp:attachment":[{"href":"https:\/\/www.derworldbcn.com\/en\/wp-json\/wp\/v2\/media?parent=9679"}],"curies":[{"name":"wp","href":"https:\/\/api.w.org\/{rel}","templated":true}]}}